{"id":1498,"date":"2024-10-27T11:38:29","date_gmt":"2024-10-27T11:38:29","guid":{"rendered":"https:\/\/thebillionairespin.org\/privacy-policy\/"},"modified":"2026-04-03T08:36:49","modified_gmt":"2026-04-03T07:36:49","slug":"politique-de-confidentialite","status":"publish","type":"page","link":"https:\/\/thebillionairespin.org\/fr\/politique-de-confidentialite\/","title":{"rendered":"Politique de Confidentialit\u00e9"},"content":{"rendered":"<h1>Politique de confidentialit\u00e9<\/h1>\n<h2>Qui sommes-nous ?<\/h2>\n<p>L&rsquo;adresse de notre site web est : <a href=\"http:\/\/thebillionairespin.org\">thebillionairespin.org<\/a>.<\/p>\n<h2>Commentaires<\/h2>\n<p>Lorsque les visiteurs laissent des commentaires sur le site, nous recueillons les donn\u00e9es indiqu\u00e9es dans le formulaire de commentaires, ainsi que l&rsquo;adresse IP des visiteurs et la cha\u00eene de l&rsquo;agent utilisateur afin de faciliter la d\u00e9tection des spams.<\/p>\n<p>Une cha\u00eene anonymis\u00e9e cr\u00e9\u00e9e \u00e0 partir de votre adresse e-mail (\u00e9galement appel\u00e9e \u00ab hash \u00bb) peut \u00eatre fournie au service Gravatar afin de v\u00e9rifier si vous l&rsquo;utilisez. La politique de confidentialit\u00e9 de Gravatar est disponible ici : https:\/\/automattic.com\/privacy\/. Une fois votre commentaire approuv\u00e9, votre photo de profil sera visible par le public dans le contexte de votre commentaire.<\/p>\n<h2>Fichiers multim\u00e9dias<\/h2>\n<p>Si vous t\u00e9l\u00e9chargez des images sur le site, \u00e9vitez de t\u00e9l\u00e9charger des images contenant des donn\u00e9es de localisation int\u00e9gr\u00e9es (EXIF GPS). Les visiteurs du site peuvent t\u00e9l\u00e9charger et extraire toutes les donn\u00e9es de localisation des images pr\u00e9sentes sur le site.<\/p>\n<h2>Cookies<\/h2>\n<p>Si vous laissez un commentaire sur notre site, vous pouvez choisir d&rsquo;enregistrer votre nom, votre adresse e-mail et votre site web dans des cookies. Cela vous \u00e9vite d&rsquo;avoir \u00e0 remplir \u00e0 nouveau vos coordonn\u00e9es lorsque vous laissez un autre commentaire. Ces cookies ont une dur\u00e9e de vie d&rsquo;un an.<\/p>\n<p>Si vous avez un compte sur le site et que vous vous connectez, nous installerons un cookie temporaire afin de d\u00e9terminer si votre navigateur prend en charge les cookies. Ce cookie ne contient aucune donn\u00e9e personnelle et est supprim\u00e9 lorsque vous fermez votre navigateur.<\/p>\n<p>Lorsque vous vous connectez, nous installons \u00e9galement plusieurs cookies afin d&rsquo;enregistrer des informations relatives \u00e0 votre connexion et \u00e0 vos param\u00e8tres d&rsquo;affichage. Les cookies de connexion ont une dur\u00e9e de vie de 2 jours et les cookies de param\u00e8tres d&rsquo;affichage ont une dur\u00e9e de vie d&rsquo;un an. Si vous s\u00e9lectionnez \u00ab Se souvenir de moi \u00bb, votre connexion durera 2 semaines. Si vous vous d\u00e9connectez de votre compte, les cookies de connexion seront supprim\u00e9s.<\/p>\n<p>Si vous modifiez ou publiez un article, un cookie suppl\u00e9mentaire sera enregistr\u00e9 dans votre navigateur. Ce cookie ne contient aucune donn\u00e9e personnelle et indique simplement l&rsquo;identifiant de l&rsquo;article que vous venez de modifier. Il expire au bout d&rsquo;un jour.<\/p>\n<h2>Contenu int\u00e9gr\u00e9 provenant d&rsquo;autres sites web<\/h2>\n<p>Les articles publi\u00e9s sur ce site peuvent contenir du contenu int\u00e9gr\u00e9 (par exemple, des vid\u00e9os, des images, des articles, etc.). Le contenu int\u00e9gr\u00e9 provenant d&rsquo;autres sites web se comporte exactement de la m\u00eame mani\u00e8re que si l&rsquo;utilisateur avait visit\u00e9 l&rsquo;autre site web.<\/p>\n<p>Ces sites peuvent collecter des donn\u00e9es vous concernant, utiliser des cookies, int\u00e9grer des applications de suivi tierces et suivre votre interaction avec ce contenu int\u00e9gr\u00e9. En particulier, ils peuvent suivre votre interaction avec le contenu int\u00e9gr\u00e9 si vous disposez d&rsquo;un compte et \u00eates connect\u00e9 \u00e0 ce site web.<\/p>\n<h2>Avec qui partageons-nous vos donn\u00e9es ?<\/h2>\n<p>Si vous demandez une r\u00e9initialisation de mot de passe, votre adresse IP sera incluse dans l&rsquo;e-mail de r\u00e9initialisation de mot de passe.<\/p>\n<h2>Combien de temps conservons-nous vos donn\u00e9es ?<\/h2>\n<p>Si vous laissez un commentaire, celui-ci et ses m\u00e9tadonn\u00e9es sont conserv\u00e9s ind\u00e9finiment. Cela nous permet d&rsquo;identifier et d&rsquo;approuver automatiquement tout commentaire ult\u00e9rieur au lieu de le placer dans une file d&rsquo;attente de mod\u00e9ration.<\/p>\n<p>Pour les utilisateurs qui s&rsquo;inscrivent sur notre site (le cas \u00e9ch\u00e9ant), nous conservons les informations personnelles qu&rsquo;ils fournissent dans leur profil utilisateur. Tous les utilisateurs peuvent consulter, modifier ou supprimer leurs informations personnelles \u00e0 tout moment (\u00e0 l&rsquo;exception de leur nom d&rsquo;utilisateur, qu&rsquo;ils ne peuvent pas modifier). Les administrateurs du site peuvent \u00e9galement consulter et modifier ces informations.<\/p>\n<h2>Quels sont vos droits concernant vos donn\u00e9es ?<\/h2>\n<p>Si vous avez un compte sur ce site ou si vous avez laiss\u00e9 des commentaires, vous pouvez demander \u00e0 recevoir un fichier export\u00e9 contenant les donn\u00e9es personnelles que nous d\u00e9tenons \u00e0 votre sujet, y compris toutes les donn\u00e9es que vous nous avez fournies. Vous pouvez \u00e9galement demander que nous effacions toutes les donn\u00e9es personnelles que nous d\u00e9tenons \u00e0 votre sujet. Cela n&rsquo;inclut pas les donn\u00e9es que nous sommes tenus de conserver \u00e0 des fins administratives, juridiques ou de s\u00e9curit\u00e9.<\/p>\n<h2>O\u00f9 vos donn\u00e9es sont envoy\u00e9es<\/h2>\n<p>Les commentaires des visiteurs peuvent \u00eatre v\u00e9rifi\u00e9s par un service automatis\u00e9 de d\u00e9tection des spams.<\/p>\n","protected":false},"excerpt":{"rendered":"<p>Politique de confidentialit\u00e9 Qui sommes-nous ? L&rsquo;adresse de notre site web est : thebillionairespin.org. Commentaires Lorsque les visiteurs laissent des commentaires sur le site, nous recueillons les donn\u00e9es indiqu\u00e9es dans le formulaire de commentaires, ainsi que l&rsquo;adresse IP des visiteurs et la cha\u00eene de l&rsquo;agent utilisateur afin de faciliter la d\u00e9tection des spams. Une cha\u00eene [&hellip;]<\/p>\n","protected":false},"author":1,"featured_media":0,"parent":0,"menu_order":0,"comment_status":"closed","ping_status":"open","template":"template-builder.php","meta":{"_acf_changed":false,"inline_featured_image":false,"footnotes":""},"class_list":["post-1498","page","type-page","status-publish","hentry"],"acf":[],"yoast_head":"<!-- This site is optimized with the Yoast SEO plugin v24.4 - https:\/\/yoast.com\/wordpress\/plugins\/seo\/ -->\n<title>Politique de Confidentialit\u00e9<\/title>\n<meta name=\"description\" content=\"Descubra la Pol\u00edtica de privacidad de Billionairespin Casino: c\u00f3mo se recopilan, utilizan y protegen sus datos personales para garantizarle una experiencia de juego segura.\" \/>\n<meta name=\"robots\" content=\"noindex, follow\" \/>\n<meta property=\"og:locale\" content=\"fr_FR\" \/>\n<meta property=\"og:type\" content=\"article\" \/>\n<meta property=\"og:title\" content=\"Politique de Confidentialit\u00e9\" \/>\n<meta property=\"og:description\" content=\"Descubra la Pol\u00edtica de privacidad de Billionairespin Casino: c\u00f3mo se recopilan, utilizan y protegen sus datos personales para garantizarle una experiencia de juego segura.\" \/>\n<meta property=\"og:url\" content=\"https:\/\/thebillionairespin.org\/fr\/politique-de-confidentialite\/\" \/>\n<meta property=\"og:site_name\" content=\"Billionairespin\" \/>\n<meta property=\"article:modified_time\" content=\"2026-04-03T07:36:49+00:00\" \/>\n<meta name=\"twitter:card\" content=\"summary_large_image\" \/>\n<meta name=\"twitter:label1\" content=\"Dur\u00e9e de lecture estim\u00e9e\" \/>\n\t<meta name=\"twitter:data1\" content=\"3 minutes\" \/>\n<script type=\"application\/ld+json\" class=\"yoast-schema-graph\">{\"@context\":\"https:\/\/schema.org\",\"@graph\":[{\"@type\":\"WebPage\",\"@id\":\"https:\/\/thebillionairespin.org\/fr\/politique-de-confidentialite\/\",\"url\":\"https:\/\/thebillionairespin.org\/fr\/politique-de-confidentialite\/\",\"name\":\"Politique de Confidentialit\u00e9\",\"isPartOf\":{\"@id\":\"https:\/\/thebillionairespin.org\/fr\/#website\"},\"datePublished\":\"2024-10-27T11:38:29+00:00\",\"dateModified\":\"2026-04-03T07:36:49+00:00\",\"description\":\"Descubra la Pol\u00edtica de privacidad de Billionairespin Casino: c\u00f3mo se recopilan, utilizan y protegen sus datos personales para garantizarle una experiencia de juego segura.\",\"breadcrumb\":{\"@id\":\"https:\/\/thebillionairespin.org\/fr\/politique-de-confidentialite\/#breadcrumb\"},\"inLanguage\":\"fr-FR\",\"potentialAction\":[{\"@type\":\"ReadAction\",\"target\":[\"https:\/\/thebillionairespin.org\/fr\/politique-de-confidentialite\/\"]}]},{\"@type\":\"BreadcrumbList\",\"@id\":\"https:\/\/thebillionairespin.org\/fr\/politique-de-confidentialite\/#breadcrumb\",\"itemListElement\":[{\"@type\":\"ListItem\",\"position\":1,\"name\":\"Billionairespin\",\"item\":\"https:\/\/thebillionairespin.org\/fr\/\"},{\"@type\":\"ListItem\",\"position\":2,\"name\":\"Politique de Confidentialit\u00e9\"}]},{\"@type\":\"WebSite\",\"@id\":\"https:\/\/thebillionairespin.org\/fr\/#website\",\"url\":\"https:\/\/thebillionairespin.org\/fr\/\",\"name\":\"Billionairespin\",\"description\":\"\",\"publisher\":{\"@id\":\"https:\/\/thebillionairespin.org\/fr\/#organization\"},\"potentialAction\":[{\"@type\":\"SearchAction\",\"target\":{\"@type\":\"EntryPoint\",\"urlTemplate\":\"https:\/\/thebillionairespin.org\/fr\/?s={search_term_string}\"},\"query-input\":{\"@type\":\"PropertyValueSpecification\",\"valueRequired\":true,\"valueName\":\"search_term_string\"}}],\"inLanguage\":\"fr-FR\"},{\"@type\":\"Organization\",\"@id\":\"https:\/\/thebillionairespin.org\/fr\/#organization\",\"name\":\"Billionairespin\",\"url\":\"https:\/\/thebillionairespin.org\/fr\/\",\"logo\":{\"@type\":\"ImageObject\",\"inLanguage\":\"fr-FR\",\"@id\":\"https:\/\/thebillionairespin.org\/fr\/#\/schema\/logo\/image\/\",\"url\":\"https:\/\/thebillionairespin.org\/wp-content\/uploads\/2025\/03\/B2Gn2x7AGDezQSaRHeDu.svg\",\"contentUrl\":\"https:\/\/thebillionairespin.org\/wp-content\/uploads\/2025\/03\/B2Gn2x7AGDezQSaRHeDu.svg\",\"width\":86,\"height\":36,\"caption\":\"Billionairespin\"},\"image\":{\"@id\":\"https:\/\/thebillionairespin.org\/fr\/#\/schema\/logo\/image\/\"}}]}<\/script>\n<!-- \/ Yoast SEO plugin. -->","yoast_head_json":{"title":"Politique de Confidentialit\u00e9","description":"Descubra la Pol\u00edtica de privacidad de Billionairespin Casino: c\u00f3mo se recopilan, utilizan y protegen sus datos personales para garantizarle una experiencia de juego segura.","robots":{"index":"noindex","follow":"follow"},"og_locale":"fr_FR","og_type":"article","og_title":"Politique de Confidentialit\u00e9","og_description":"Descubra la Pol\u00edtica de privacidad de Billionairespin Casino: c\u00f3mo se recopilan, utilizan y protegen sus datos personales para garantizarle una experiencia de juego segura.","og_url":"https:\/\/thebillionairespin.org\/fr\/politique-de-confidentialite\/","og_site_name":"Billionairespin","article_modified_time":"2026-04-03T07:36:49+00:00","twitter_card":"summary_large_image","twitter_misc":{"Dur\u00e9e de lecture estim\u00e9e":"3 minutes"},"schema":{"@context":"https:\/\/schema.org","@graph":[{"@type":"WebPage","@id":"https:\/\/thebillionairespin.org\/fr\/politique-de-confidentialite\/","url":"https:\/\/thebillionairespin.org\/fr\/politique-de-confidentialite\/","name":"Politique de Confidentialit\u00e9","isPartOf":{"@id":"https:\/\/thebillionairespin.org\/fr\/#website"},"datePublished":"2024-10-27T11:38:29+00:00","dateModified":"2026-04-03T07:36:49+00:00","description":"Descubra la Pol\u00edtica de privacidad de Billionairespin Casino: c\u00f3mo se recopilan, utilizan y protegen sus datos personales para garantizarle una experiencia de juego segura.","breadcrumb":{"@id":"https:\/\/thebillionairespin.org\/fr\/politique-de-confidentialite\/#breadcrumb"},"inLanguage":"fr-FR","potentialAction":[{"@type":"ReadAction","target":["https:\/\/thebillionairespin.org\/fr\/politique-de-confidentialite\/"]}]},{"@type":"BreadcrumbList","@id":"https:\/\/thebillionairespin.org\/fr\/politique-de-confidentialite\/#breadcrumb","itemListElement":[{"@type":"ListItem","position":1,"name":"Billionairespin","item":"https:\/\/thebillionairespin.org\/fr\/"},{"@type":"ListItem","position":2,"name":"Politique de Confidentialit\u00e9"}]},{"@type":"WebSite","@id":"https:\/\/thebillionairespin.org\/fr\/#website","url":"https:\/\/thebillionairespin.org\/fr\/","name":"Billionairespin","description":"","publisher":{"@id":"https:\/\/thebillionairespin.org\/fr\/#organization"},"potentialAction":[{"@type":"SearchAction","target":{"@type":"EntryPoint","urlTemplate":"https:\/\/thebillionairespin.org\/fr\/?s={search_term_string}"},"query-input":{"@type":"PropertyValueSpecification","valueRequired":true,"valueName":"search_term_string"}}],"inLanguage":"fr-FR"},{"@type":"Organization","@id":"https:\/\/thebillionairespin.org\/fr\/#organization","name":"Billionairespin","url":"https:\/\/thebillionairespin.org\/fr\/","logo":{"@type":"ImageObject","inLanguage":"fr-FR","@id":"https:\/\/thebillionairespin.org\/fr\/#\/schema\/logo\/image\/","url":"https:\/\/thebillionairespin.org\/wp-content\/uploads\/2025\/03\/B2Gn2x7AGDezQSaRHeDu.svg","contentUrl":"https:\/\/thebillionairespin.org\/wp-content\/uploads\/2025\/03\/B2Gn2x7AGDezQSaRHeDu.svg","width":86,"height":36,"caption":"Billionairespin"},"image":{"@id":"https:\/\/thebillionairespin.org\/fr\/#\/schema\/logo\/image\/"}}]}},"_links":{"self":[{"href":"https:\/\/thebillionairespin.org\/fr\/wp-json\/wp\/v2\/pages\/1498"}],"collection":[{"href":"https:\/\/thebillionairespin.org\/fr\/wp-json\/wp\/v2\/pages"}],"about":[{"href":"https:\/\/thebillionairespin.org\/fr\/wp-json\/wp\/v2\/types\/page"}],"author":[{"embeddable":true,"href":"https:\/\/thebillionairespin.org\/fr\/wp-json\/wp\/v2\/users\/1"}],"replies":[{"embeddable":true,"href":"https:\/\/thebillionairespin.org\/fr\/wp-json\/wp\/v2\/comments?post=1498"}],"version-history":[{"count":1,"href":"https:\/\/thebillionairespin.org\/fr\/wp-json\/wp\/v2\/pages\/1498\/revisions"}],"predecessor-version":[{"id":1549,"href":"https:\/\/thebillionairespin.org\/fr\/wp-json\/wp\/v2\/pages\/1498\/revisions\/1549"}],"wp:attachment":[{"href":"https:\/\/thebillionairespin.org\/fr\/wp-json\/wp\/v2\/media?parent=1498"}],"curies":[{"name":"wp","href":"https:\/\/api.w.org\/{rel}","templated":true}]}}