{"id":1502,"date":"2024-10-27T11:38:29","date_gmt":"2024-10-27T11:38:29","guid":{"rendered":"https:\/\/thebillionairespin.org\/privacy-policy\/"},"modified":"2026-04-03T10:14:38","modified_gmt":"2026-04-03T09:14:38","slug":"polityka-prywatnosci","status":"publish","type":"page","link":"https:\/\/thebillionairespin.org\/pl\/polityka-prywatnosci\/","title":{"rendered":"Polityka Prywatno\u015bci"},"content":{"rendered":"<h1>Polityka prywatno\u015bci<\/h1>\n<h2>Kim jeste\u015bmy<\/h2>\n<p>Adres naszej strony internetowej to: <a href=\"http:\/\/thebillionairespin.org\">thebillionairespin.org<\/a>.<\/p>\n<h2>Komentarze<\/h2>\n<p>Kiedy odwiedzaj\u0105cy zostawiaj\u0105 komentarze na stronie, zbieramy dane widoczne w formularzu komentarzy, a tak\u017ce adres IP odwiedzaj\u0105cego i ci\u0105g znak\u00f3w agenta u\u017cytkownika, \u017ceby \u0142atwiej wykrywa\u0107 spam.<\/p>\n<p>Anonimowy ci\u0105g znak\u00f3w utworzony na podstawie adresu e-mail u\u017cytkownika (zwany r\u00f3wnie\u017c skr\u00f3tem) mo\u017ce zosta\u0107 przekazany do serwisu Gravatar w celu sprawdzenia, czy u\u017cytkownik z niego korzysta. Polityka prywatno\u015bci serwisu Gravatar jest dost\u0119pna pod adresem: https:\/\/automattic.com\/privacy\/. Po zatwierdzeniu komentarza zdj\u0119cie profilowe u\u017cytkownika b\u0119dzie widoczne publicznie w kontek\u015bcie komentarza.<\/p>\n<h2>Pliki multimedialne<\/h2>\n<p>Je\u015bli przesy\u0142asz zdj\u0119cia na stron\u0119, unikaj przesy\u0142ania zdj\u0119\u0107 z osadzonymi danymi lokalizacyjnymi (EXIF GPS). Odwiedzaj\u0105cy stron\u0119 mog\u0105 pobra\u0107 i wyodr\u0119bni\u0107 wszelkie dane lokalizacyjne ze zdj\u0119\u0107 zamieszczonych na stronie.<\/p>\n<h2>Pliki cookie<\/h2>\n<p>Je\u015bli zostawisz komentarz na naszej stronie, mo\u017cesz wyrazi\u0107 zgod\u0119 na zapisanie swojego imienia i nazwiska, adresu e-mail oraz strony internetowej w plikach cookie. Ma to na celu u\u0142atwienie Ci korzystania ze strony, dzi\u0119ki czemu nie b\u0119dziesz musia\u0142 ponownie wype\u0142nia\u0107 swoich danych przy nast\u0119pnym komentarzu. Pliki cookie b\u0119d\u0105 przechowywane przez 1 rok.<\/p>\n<p>Je\u015bli masz konto na stronie i si\u0119 zalogujesz, ustawimy tymczasowy plik cookie, aby sprawdzi\u0107, czy Twoja przegl\u0105darka obs\u0142uguje pliki cookie. Plik ten nie zawiera \u017cadnych danych osobowych i jest usuwany po zamkni\u0119ciu przegl\u0105darki.<\/p>\n<p>Po zalogowaniu si\u0119 ustawimy r\u00f3wnie\u017c kilka plik\u00f3w cookie, aby zapisa\u0107 informacje o Twoim logowaniu i ustawieniach ekranu. Pliki cookie dotycz\u0105ce logowania b\u0119d\u0105 przechowywane przez 2 dni, a pliki cookie dotycz\u0105ce ustawie\u0144 ekranu przez 1 rok. Je\u015bli wybierzesz opcj\u0119 \u201eZapami\u0119taj mnie\u201d, Twoje logowanie b\u0119dzie trwa\u0142o 2 tygodnie. Je\u015bli wylogujesz si\u0119 ze swojego konta, pliki cookie logowania zostan\u0105 usuni\u0119te.<\/p>\n<p>Je\u015bli edytujesz lub publikujesz artyku\u0142, w Twojej przegl\u0105darce zostanie zapisany dodatkowy plik cookie. Plik ten nie zawiera \u017cadnych danych osobowych i wskazuje jedynie identyfikator artyku\u0142u, kt\u00f3ry w\u0142a\u015bnie edytowa\u0142e\u015b. Wygasa on po 1 dniu.<\/p>\n<h2>Zawarto\u015b\u0107 osadzona z innych stron internetowych<\/h2>\n<p>Artyku\u0142y na tej stronie mog\u0105 zawiera\u0107 tre\u015bci osadzone (np. filmy, zdj\u0119cia, artyku\u0142y itp.). Tre\u015bci osadzone z innych stron internetowych zachowuj\u0105 si\u0119 dok\u0142adnie tak samo, jak gdyby u\u017cytkownik odwiedzi\u0142 t\u0119 inn\u0105 stron\u0119 internetow\u0105.<\/p>\n<p>Witryny te mog\u0105 gromadzi\u0107 dane o u\u017cytkowniku, wykorzystywa\u0107 pliki cookie, osadza\u0107 aplikacje \u015bledz\u0105ce stron trzecich oraz \u015bledzi\u0107 interakcje u\u017cytkownika z osadzonymi tre\u015bciami. W szczeg\u00f3lno\u015bci \u015bledz\u0105 one interakcje u\u017cytkownika z osadzonymi tre\u015bciami, je\u015bli posiada on konto i jest zalogowany do tej witryny internetowej.<\/p>\n<h2>Komu udost\u0119pniamy Twoje dane?<\/h2>\n<p>Je\u015bli poprosisz o resetowanie has\u0142a, Tw\u00f3j adres IP zostanie uwzgl\u0119dniony w wiadomo\u015bci e-mail dotycz\u0105cej resetowania has\u0142a.<\/p>\n<h2>Jak d\u0142ugo przechowujemy Twoje dane?<\/h2>\n<p>Je\u015bli zostawisz komentarz, komentarz i jego metadane b\u0119d\u0105 przechowywane bezterminowo. Dzi\u0119ki temu mo\u017cemy automatycznie identyfikowa\u0107 i zatwierdza\u0107 kolejne komentarze, zamiast umieszcza\u0107 je w kolejce do moderacji.<\/p>\n<p>W przypadku u\u017cytkownik\u00f3w, kt\u00f3rzy rejestruj\u0105 si\u0119 w naszej witrynie (je\u015bli tacy s\u0105), przechowujemy dane osobowe podane przez nich w profilu u\u017cytkownika. Wszyscy u\u017cytkownicy mog\u0105 w dowolnym momencie przegl\u0105da\u0107, edytowa\u0107 lub usuwa\u0107 swoje dane osobowe (z wyj\u0105tkiem nazwy u\u017cytkownika, kt\u00f3rej nie mo\u017cna zmieni\u0107). Administratorzy witryny r\u00f3wnie\u017c mog\u0105 przegl\u0105da\u0107 i edytowa\u0107 te informacje.<\/p>\n<h2>Jakie masz prawa w odniesieniu do swoich danych?<\/h2>\n<p>Je\u015bli posiadasz konto na tej stronie lub zostawi\u0142e\u015b komentarze, mo\u017cesz poprosi\u0107 o przes\u0142anie pliku zawieraj\u0105cego Twoje dane osobowe, kt\u00f3re przechowujemy, w tym wszelkie dane, kt\u00f3re nam przekaza\u0142e\u015b. Mo\u017cesz r\u00f3wnie\u017c poprosi\u0107 o usuni\u0119cie wszelkich danych osobowych, kt\u00f3re przechowujemy na Tw\u00f3j temat. Nie dotyczy to danych, kt\u00f3re jeste\u015bmy zobowi\u0105zani przechowywa\u0107 ze wzgl\u0119d\u00f3w administracyjnych, prawnych lub bezpiecze\u0144stwa.<\/p>\n<h2>Gdzie s\u0105 wysy\u0142ane Twoje dane<\/h2>\n<p>Komentarze odwiedzaj\u0105cych mog\u0105 by\u0107 sprawdzane za pomoc\u0105 automatycznej us\u0142ugi wykrywania spamu.<\/p>\n","protected":false},"excerpt":{"rendered":"<p>Polityka prywatno\u015bci Kim jeste\u015bmy Adres naszej strony internetowej to: thebillionairespin.org. Komentarze Kiedy odwiedzaj\u0105cy zostawiaj\u0105 komentarze na stronie, zbieramy dane widoczne w formularzu komentarzy, a tak\u017ce adres IP odwiedzaj\u0105cego i ci\u0105g znak\u00f3w agenta u\u017cytkownika, \u017ceby \u0142atwiej wykrywa\u0107 spam. Anonimowy ci\u0105g znak\u00f3w utworzony na podstawie adresu e-mail u\u017cytkownika (zwany r\u00f3wnie\u017c skr\u00f3tem) mo\u017ce zosta\u0107 przekazany do serwisu Gravatar [&hellip;]<\/p>\n","protected":false},"author":1,"featured_media":0,"parent":0,"menu_order":0,"comment_status":"closed","ping_status":"open","template":"template-builder.php","meta":{"_acf_changed":false,"inline_featured_image":false,"footnotes":""},"class_list":["post-1502","page","type-page","status-publish","hentry"],"acf":[],"yoast_head":"<!-- This site is optimized with the Yoast SEO plugin v24.4 - https:\/\/yoast.com\/wordpress\/plugins\/seo\/ -->\n<title>Polityka Prywatno\u015bci<\/title>\n<meta name=\"description\" content=\"Zapoznaj si\u0119 z Polityk\u0105 prywatno\u015bci: dowiedz si\u0119, w jaki spos\u00f3b Twoje dane osobowe s\u0105 gromadzone, wykorzystywane i chronione, aby zapewni\u0107 Ci bezpieczn\u0105 rozgrywk\u0119.\" \/>\n<meta name=\"robots\" content=\"noindex, follow\" \/>\n<meta property=\"og:locale\" content=\"pl_PL\" \/>\n<meta property=\"og:type\" content=\"article\" \/>\n<meta property=\"og:title\" content=\"Polityka Prywatno\u015bci\" \/>\n<meta property=\"og:description\" content=\"Zapoznaj si\u0119 z Polityk\u0105 prywatno\u015bci: dowiedz si\u0119, w jaki spos\u00f3b Twoje dane osobowe s\u0105 gromadzone, wykorzystywane i chronione, aby zapewni\u0107 Ci bezpieczn\u0105 rozgrywk\u0119.\" \/>\n<meta property=\"og:url\" content=\"https:\/\/thebillionairespin.org\/pl\/polityka-prywatnosci\/\" \/>\n<meta property=\"og:site_name\" content=\"Billionairespin\" \/>\n<meta property=\"article:modified_time\" content=\"2026-04-03T09:14:38+00:00\" \/>\n<meta name=\"twitter:card\" content=\"summary_large_image\" \/>\n<meta name=\"twitter:label1\" content=\"Est. reading time\" \/>\n\t<meta name=\"twitter:data1\" content=\"3 minuty\" \/>\n<script type=\"application\/ld+json\" class=\"yoast-schema-graph\">{\"@context\":\"https:\/\/schema.org\",\"@graph\":[{\"@type\":\"WebPage\",\"@id\":\"https:\/\/thebillionairespin.org\/pl\/polityka-prywatnosci\/\",\"url\":\"https:\/\/thebillionairespin.org\/pl\/polityka-prywatnosci\/\",\"name\":\"Polityka Prywatno\u015bci\",\"isPartOf\":{\"@id\":\"https:\/\/thebillionairespin.org\/pl\/#website\"},\"datePublished\":\"2024-10-27T11:38:29+00:00\",\"dateModified\":\"2026-04-03T09:14:38+00:00\",\"description\":\"Zapoznaj si\u0119 z Polityk\u0105 prywatno\u015bci: dowiedz si\u0119, w jaki spos\u00f3b Twoje dane osobowe s\u0105 gromadzone, wykorzystywane i chronione, aby zapewni\u0107 Ci bezpieczn\u0105 rozgrywk\u0119.\",\"breadcrumb\":{\"@id\":\"https:\/\/thebillionairespin.org\/pl\/polityka-prywatnosci\/#breadcrumb\"},\"inLanguage\":\"pl-PL\",\"potentialAction\":[{\"@type\":\"ReadAction\",\"target\":[\"https:\/\/thebillionairespin.org\/pl\/polityka-prywatnosci\/\"]}]},{\"@type\":\"BreadcrumbList\",\"@id\":\"https:\/\/thebillionairespin.org\/pl\/polityka-prywatnosci\/#breadcrumb\",\"itemListElement\":[{\"@type\":\"ListItem\",\"position\":1,\"name\":\"Billionairespin\",\"item\":\"https:\/\/thebillionairespin.org\/pl\/\"},{\"@type\":\"ListItem\",\"position\":2,\"name\":\"Polityka Prywatno\u015bci\"}]},{\"@type\":\"WebSite\",\"@id\":\"https:\/\/thebillionairespin.org\/pl\/#website\",\"url\":\"https:\/\/thebillionairespin.org\/pl\/\",\"name\":\"Billionairespin\",\"description\":\"\",\"publisher\":{\"@id\":\"https:\/\/thebillionairespin.org\/pl\/#organization\"},\"potentialAction\":[{\"@type\":\"SearchAction\",\"target\":{\"@type\":\"EntryPoint\",\"urlTemplate\":\"https:\/\/thebillionairespin.org\/pl\/?s={search_term_string}\"},\"query-input\":{\"@type\":\"PropertyValueSpecification\",\"valueRequired\":true,\"valueName\":\"search_term_string\"}}],\"inLanguage\":\"pl-PL\"},{\"@type\":\"Organization\",\"@id\":\"https:\/\/thebillionairespin.org\/pl\/#organization\",\"name\":\"Billionairespin\",\"url\":\"https:\/\/thebillionairespin.org\/pl\/\",\"logo\":{\"@type\":\"ImageObject\",\"inLanguage\":\"pl-PL\",\"@id\":\"https:\/\/thebillionairespin.org\/pl\/#\/schema\/logo\/image\/\",\"url\":\"https:\/\/thebillionairespin.org\/wp-content\/uploads\/2025\/03\/B2Gn2x7AGDezQSaRHeDu.svg\",\"contentUrl\":\"https:\/\/thebillionairespin.org\/wp-content\/uploads\/2025\/03\/B2Gn2x7AGDezQSaRHeDu.svg\",\"width\":86,\"height\":36,\"caption\":\"Billionairespin\"},\"image\":{\"@id\":\"https:\/\/thebillionairespin.org\/pl\/#\/schema\/logo\/image\/\"}}]}<\/script>\n<!-- \/ Yoast SEO plugin. -->","yoast_head_json":{"title":"Polityka Prywatno\u015bci","description":"Zapoznaj si\u0119 z Polityk\u0105 prywatno\u015bci: dowiedz si\u0119, w jaki spos\u00f3b Twoje dane osobowe s\u0105 gromadzone, wykorzystywane i chronione, aby zapewni\u0107 Ci bezpieczn\u0105 rozgrywk\u0119.","robots":{"index":"noindex","follow":"follow"},"og_locale":"pl_PL","og_type":"article","og_title":"Polityka Prywatno\u015bci","og_description":"Zapoznaj si\u0119 z Polityk\u0105 prywatno\u015bci: dowiedz si\u0119, w jaki spos\u00f3b Twoje dane osobowe s\u0105 gromadzone, wykorzystywane i chronione, aby zapewni\u0107 Ci bezpieczn\u0105 rozgrywk\u0119.","og_url":"https:\/\/thebillionairespin.org\/pl\/polityka-prywatnosci\/","og_site_name":"Billionairespin","article_modified_time":"2026-04-03T09:14:38+00:00","twitter_card":"summary_large_image","twitter_misc":{"Est. reading time":"3 minuty"},"schema":{"@context":"https:\/\/schema.org","@graph":[{"@type":"WebPage","@id":"https:\/\/thebillionairespin.org\/pl\/polityka-prywatnosci\/","url":"https:\/\/thebillionairespin.org\/pl\/polityka-prywatnosci\/","name":"Polityka Prywatno\u015bci","isPartOf":{"@id":"https:\/\/thebillionairespin.org\/pl\/#website"},"datePublished":"2024-10-27T11:38:29+00:00","dateModified":"2026-04-03T09:14:38+00:00","description":"Zapoznaj si\u0119 z Polityk\u0105 prywatno\u015bci: dowiedz si\u0119, w jaki spos\u00f3b Twoje dane osobowe s\u0105 gromadzone, wykorzystywane i chronione, aby zapewni\u0107 Ci bezpieczn\u0105 rozgrywk\u0119.","breadcrumb":{"@id":"https:\/\/thebillionairespin.org\/pl\/polityka-prywatnosci\/#breadcrumb"},"inLanguage":"pl-PL","potentialAction":[{"@type":"ReadAction","target":["https:\/\/thebillionairespin.org\/pl\/polityka-prywatnosci\/"]}]},{"@type":"BreadcrumbList","@id":"https:\/\/thebillionairespin.org\/pl\/polityka-prywatnosci\/#breadcrumb","itemListElement":[{"@type":"ListItem","position":1,"name":"Billionairespin","item":"https:\/\/thebillionairespin.org\/pl\/"},{"@type":"ListItem","position":2,"name":"Polityka Prywatno\u015bci"}]},{"@type":"WebSite","@id":"https:\/\/thebillionairespin.org\/pl\/#website","url":"https:\/\/thebillionairespin.org\/pl\/","name":"Billionairespin","description":"","publisher":{"@id":"https:\/\/thebillionairespin.org\/pl\/#organization"},"potentialAction":[{"@type":"SearchAction","target":{"@type":"EntryPoint","urlTemplate":"https:\/\/thebillionairespin.org\/pl\/?s={search_term_string}"},"query-input":{"@type":"PropertyValueSpecification","valueRequired":true,"valueName":"search_term_string"}}],"inLanguage":"pl-PL"},{"@type":"Organization","@id":"https:\/\/thebillionairespin.org\/pl\/#organization","name":"Billionairespin","url":"https:\/\/thebillionairespin.org\/pl\/","logo":{"@type":"ImageObject","inLanguage":"pl-PL","@id":"https:\/\/thebillionairespin.org\/pl\/#\/schema\/logo\/image\/","url":"https:\/\/thebillionairespin.org\/wp-content\/uploads\/2025\/03\/B2Gn2x7AGDezQSaRHeDu.svg","contentUrl":"https:\/\/thebillionairespin.org\/wp-content\/uploads\/2025\/03\/B2Gn2x7AGDezQSaRHeDu.svg","width":86,"height":36,"caption":"Billionairespin"},"image":{"@id":"https:\/\/thebillionairespin.org\/pl\/#\/schema\/logo\/image\/"}}]}},"_links":{"self":[{"href":"https:\/\/thebillionairespin.org\/pl\/wp-json\/wp\/v2\/pages\/1502"}],"collection":[{"href":"https:\/\/thebillionairespin.org\/pl\/wp-json\/wp\/v2\/pages"}],"about":[{"href":"https:\/\/thebillionairespin.org\/pl\/wp-json\/wp\/v2\/types\/page"}],"author":[{"embeddable":true,"href":"https:\/\/thebillionairespin.org\/pl\/wp-json\/wp\/v2\/users\/1"}],"replies":[{"embeddable":true,"href":"https:\/\/thebillionairespin.org\/pl\/wp-json\/wp\/v2\/comments?post=1502"}],"version-history":[{"count":1,"href":"https:\/\/thebillionairespin.org\/pl\/wp-json\/wp\/v2\/pages\/1502\/revisions"}],"predecessor-version":[{"id":1779,"href":"https:\/\/thebillionairespin.org\/pl\/wp-json\/wp\/v2\/pages\/1502\/revisions\/1779"}],"wp:attachment":[{"href":"https:\/\/thebillionairespin.org\/pl\/wp-json\/wp\/v2\/media?parent=1502"}],"curies":[{"name":"wp","href":"https:\/\/api.w.org\/{rel}","templated":true}]}}