{"id":1510,"date":"2024-12-10T14:23:20","date_gmt":"2024-12-10T14:23:20","guid":{"rendered":"https:\/\/thebillionairespin.org\/terms-and-conditions\/"},"modified":"2026-04-03T11:40:54","modified_gmt":"2026-04-03T10:40:54","slug":"termos-e-condicoes","status":"publish","type":"page","link":"https:\/\/thebillionairespin.org\/pt-pt\/termos-e-condicoes\/","title":{"rendered":"Termos e condi\u00e7\u00f5es"},"content":{"rendered":"<h1>Termos e Condi\u00e7\u00f5es<\/h1>\n<p>Data De Vig\u00eancia: 01.12.2024<\/p>\n<p>Bem-vindo ao thebillionairespin.org! Estes Termos e Condi\u00e7\u00f5es (&#8220;Termos&#8221;) regem seu uso do nosso site e participa\u00e7\u00e3o em nosso programa de afiliados. Ao acessar ou utilizar thebillionairespin.org, voc\u00ea concorda em cumprir com estes Termos. Se voc\u00ea n\u00e3o aceitar estes Termos, por favor, abster-se de utilizar o nosso website.<\/p>\n<h3>1. Defini\u00e7\u00f5es<\/h3>\n<ul>\n<li>&#8220;N\u00f3s&#8221;, &#8220;Nosso&#8221;, &#8220;N\u00f3s&#8221;: Refere-se a thebillionairespin.org.<\/li>\n<li>&#8220;Afiliada&#8221;: Refere-se a indiv\u00edduos ou entidades que participam no nosso programa de afiliados.<\/li>\n<li>&#8220;Utilizador&#8221;: Refere-se a qualquer visitante ou participante em nosso site.<\/li>\n<\/ul>\n<h3>2. Elegibilidade<\/h3>\n<p>Para participar de nosso programa de afiliados, voc\u00ea deve:<\/p>\n<ul>\n<li>Ter pelo menos 18 anos de idade ou que tenham atingido a idade legal de maioridade na sua jurisdi\u00e7\u00e3o.<\/li>\n<li>Cumprir com todas as leis aplic\u00e1veis e regulamentos.<\/li>\n<li>Fornecer informa\u00e7\u00f5es precisas e completas informa\u00e7\u00f5es de registro.<\/li>\n<\/ul>\n<p>Reservamo-nos o direito de recusar ou cancelar a participa\u00e7\u00e3o de, \u00e0 nossa discri\u00e7\u00e3o.<\/p>\n<h3>3. Programa De Afiliados<\/h3>\n<p>Os afiliados ganham comiss\u00f5es com base no tr\u00e1fego e clientes que se refere thebillionairespin.org.<\/p>\n<ul>\n<li>A estrutura da comiss\u00e3o, m\u00e9todos de pagamento, e os limites ser\u00e3o detalhados no Contrato de Afiliados.<\/li>\n<li>O afiliado n\u00e3o deve se envolver em atividades fraudulentas ou pr\u00e1ticas anti-\u00e9ticas, incluindo, mas n\u00e3o limitado a:\n<ul>\n<li>Spam.<\/li>\n<li>Deturpando a nossa marca.<\/li>\n<li>A viola\u00e7\u00e3o de terceiros de direitos.<\/li>\n<\/ul>\n<\/li>\n<\/ul>\n<h3>4. Proibida Usa<\/h3>\n<p>Usu\u00e1rios e afiliados n\u00e3o podem:<\/p>\n<ul>\n<li>Utilize a nossa plataforma para fins ilegais ou n\u00e3o autorizados.<\/li>\n<li>Transmitir software nocivo ou engajar em atividades que interromper a funcionalidade de thebillionairespin.org.<\/li>\n<li>Publicar falsa, enganosa, ou conte\u00fado difamat\u00f3rio.<\/li>\n<\/ul>\n<p>Qualquer viola\u00e7\u00e3o destas restri\u00e7\u00f5es pode resultar na rescis\u00e3o de acesso ou o estatuto de afiliado.<\/p>\n<h3>5. Propriedade Intelectual<\/h3>\n<p>Todos os conte\u00fados, marcas, logos, e a propriedade intelectual em thebillionairespin.org s\u00e3o propriedade exclusiva da thebillionairespin.org ou seus licenciantes. Voc\u00ea pode n\u00e3o usar, reproduzir ou distribuir qualquer conte\u00fado sem o nosso consentimento expresso por escrito.<\/p>\n<h3>6. Pol\u00edtica De Privacidade<\/h3>\n<p>O uso de thebillionairespin.org \u00e9 sujeito \u00e0 nossa Pol\u00edtica de Privacidade. Priorizar a prote\u00e7\u00e3o dos seus dados pessoais.<\/p>\n<h3>7. Isen\u00e7\u00e3o de responsabilidade<\/h3>\n<p>thebillionairespin.org \u00e9 fornecido &#8220;tal como est\u00e1&#8221; sem quaisquer garantias, expressas ou impl\u00edcitas. N\u00e3o podemos garantir ininterrupto ou livre de erro de funcionamento do site ou a precis\u00e3o das informa\u00e7\u00f5es fornecidas.<\/p>\n<h3>8. Limita\u00e7\u00e3o de Responsabilidade<\/h3>\n<p>Para a extens\u00e3o permitida por lei:<\/p>\n<ul>\n<li>thebillionairespin.org n\u00e3o ser\u00e1 respons\u00e1vel por danos diretos, indiretos, incidentais, ou consequenciais decorrentes de seu uso do site ou de participa\u00e7\u00e3o no programa de afiliados.<\/li>\n<li>Isto inclui a perda de lucros, dados ou reputa\u00e7\u00e3o.<\/li>\n<\/ul>\n<h3>9. Indeniza\u00e7\u00e3o<\/h3>\n<p>Voc\u00ea concorda em indenizar e isentar thebillionairespin.org isentos de quaisquer reivindica\u00e7\u00f5es, danos, responsabilidades ou despesas decorrentes de seu uso do site, de viola\u00e7\u00e3o destes Termos, ou a participa\u00e7\u00e3o no programa de afiliados.<\/p>\n<h3>10. Encerramento<\/h3>\n<p>Reservamo-nos o direito de suspender ou terminar o acesso ao thebillionairespin.org ou o programa de afiliados por qualquer motivo, incluindo as viola\u00e7\u00f5es destes Termos.<\/p>\n<h3>11. Altera\u00e7\u00f5es aos Termos<\/h3>\n<p>thebillionairespin.org reserva-se o direito de atualizar ou modificar estes Termos a qualquer tempo. As altera\u00e7\u00f5es ser\u00e3o efetivadas ap\u00f3s a postagem. O uso continuado do site constitui aceita\u00e7\u00e3o dos Termos atualizados.<\/p>\n<h3>12. Contacte-Nos<\/h3>\n<p>Para quaisquer d\u00favidas ou preocupa\u00e7\u00f5es em rela\u00e7\u00e3o a estes Termos, por favor, visite nossa p\u00e1gina de contato.<\/p>\n<p>Usando thebillionairespin.org, voc\u00ea reconhece que leu, entendeu e concordou com estes Termos e Condi\u00e7\u00f5es.<\/p>\n","protected":false},"excerpt":{"rendered":"<p>Termos e Condi\u00e7\u00f5es Data De Vig\u00eancia: 01.12.2024 Bem-vindo ao thebillionairespin.org! Estes Termos e Condi\u00e7\u00f5es (&#8220;Termos&#8221;) regem seu uso do nosso site e participa\u00e7\u00e3o em nosso programa de afiliados. Ao acessar ou utilizar thebillionairespin.org, voc\u00ea concorda em cumprir com estes Termos. Se voc\u00ea n\u00e3o aceitar estes Termos, por favor, abster-se de utilizar o nosso website. 1. [&hellip;]<\/p>\n","protected":false},"author":1,"featured_media":0,"parent":0,"menu_order":0,"comment_status":"closed","ping_status":"closed","template":"template-builder.php","meta":{"_acf_changed":false,"inline_featured_image":false,"footnotes":""},"class_list":["post-1510","page","type-page","status-publish","hentry"],"acf":[],"yoast_head":"<!-- This site is optimized with the Yoast SEO plugin v24.4 - https:\/\/yoast.com\/wordpress\/plugins\/seo\/ -->\n<title>Termos e condi\u00e7\u00f5es<\/title>\n<meta name=\"description\" content=\"Descubra o nosso site, a sua plataforma de afiliados dedicada aos casinos online. Condi\u00e7\u00f5es simples e apoio profissional!\" \/>\n<meta name=\"robots\" content=\"noindex, follow\" \/>\n<meta property=\"og:locale\" content=\"pt_PT\" \/>\n<meta property=\"og:type\" content=\"article\" \/>\n<meta property=\"og:title\" content=\"Termos e condi\u00e7\u00f5es\" \/>\n<meta property=\"og:description\" content=\"Descubra o nosso site, a sua plataforma de afiliados dedicada aos casinos online. Condi\u00e7\u00f5es simples e apoio profissional!\" \/>\n<meta property=\"og:url\" content=\"https:\/\/thebillionairespin.org\/pt-pt\/termos-e-condicoes\/\" \/>\n<meta property=\"og:site_name\" content=\"Billionairespin\" \/>\n<meta property=\"article:modified_time\" content=\"2026-04-03T10:40:54+00:00\" \/>\n<meta name=\"twitter:card\" content=\"summary_large_image\" \/>\n<meta name=\"twitter:label1\" content=\"Est. reading time\" \/>\n\t<meta name=\"twitter:data1\" content=\"3 minutes\" \/>\n<script type=\"application\/ld+json\" class=\"yoast-schema-graph\">{\"@context\":\"https:\/\/schema.org\",\"@graph\":[{\"@type\":\"WebPage\",\"@id\":\"https:\/\/thebillionairespin.org\/pt-pt\/termos-e-condicoes\/\",\"url\":\"https:\/\/thebillionairespin.org\/pt-pt\/termos-e-condicoes\/\",\"name\":\"Termos e condi\u00e7\u00f5es\",\"isPartOf\":{\"@id\":\"https:\/\/thebillionairespin.org\/pt-pt\/#website\"},\"datePublished\":\"2024-12-10T14:23:20+00:00\",\"dateModified\":\"2026-04-03T10:40:54+00:00\",\"description\":\"Descubra o nosso site, a sua plataforma de afiliados dedicada aos casinos online. Condi\u00e7\u00f5es simples e apoio profissional!\",\"breadcrumb\":{\"@id\":\"https:\/\/thebillionairespin.org\/pt-pt\/termos-e-condicoes\/#breadcrumb\"},\"inLanguage\":\"pt-PT\",\"potentialAction\":[{\"@type\":\"ReadAction\",\"target\":[\"https:\/\/thebillionairespin.org\/pt-pt\/termos-e-condicoes\/\"]}]},{\"@type\":\"BreadcrumbList\",\"@id\":\"https:\/\/thebillionairespin.org\/pt-pt\/termos-e-condicoes\/#breadcrumb\",\"itemListElement\":[{\"@type\":\"ListItem\",\"position\":1,\"name\":\"Billionairespin\",\"item\":\"https:\/\/thebillionairespin.org\/pt-pt\/\"},{\"@type\":\"ListItem\",\"position\":2,\"name\":\"Termos e condi\u00e7\u00f5es\"}]},{\"@type\":\"WebSite\",\"@id\":\"https:\/\/thebillionairespin.org\/pt-pt\/#website\",\"url\":\"https:\/\/thebillionairespin.org\/pt-pt\/\",\"name\":\"Billionairespin\",\"description\":\"\",\"publisher\":{\"@id\":\"https:\/\/thebillionairespin.org\/pt-pt\/#organization\"},\"potentialAction\":[{\"@type\":\"SearchAction\",\"target\":{\"@type\":\"EntryPoint\",\"urlTemplate\":\"https:\/\/thebillionairespin.org\/pt-pt\/?s={search_term_string}\"},\"query-input\":{\"@type\":\"PropertyValueSpecification\",\"valueRequired\":true,\"valueName\":\"search_term_string\"}}],\"inLanguage\":\"pt-PT\"},{\"@type\":\"Organization\",\"@id\":\"https:\/\/thebillionairespin.org\/pt-pt\/#organization\",\"name\":\"Billionairespin\",\"url\":\"https:\/\/thebillionairespin.org\/pt-pt\/\",\"logo\":{\"@type\":\"ImageObject\",\"inLanguage\":\"pt-PT\",\"@id\":\"https:\/\/thebillionairespin.org\/pt-pt\/#\/schema\/logo\/image\/\",\"url\":\"https:\/\/thebillionairespin.org\/wp-content\/uploads\/2025\/03\/B2Gn2x7AGDezQSaRHeDu.svg\",\"contentUrl\":\"https:\/\/thebillionairespin.org\/wp-content\/uploads\/2025\/03\/B2Gn2x7AGDezQSaRHeDu.svg\",\"width\":86,\"height\":36,\"caption\":\"Billionairespin\"},\"image\":{\"@id\":\"https:\/\/thebillionairespin.org\/pt-pt\/#\/schema\/logo\/image\/\"}}]}<\/script>\n<!-- \/ Yoast SEO plugin. -->","yoast_head_json":{"title":"Termos e condi\u00e7\u00f5es","description":"Descubra o nosso site, a sua plataforma de afiliados dedicada aos casinos online. Condi\u00e7\u00f5es simples e apoio profissional!","robots":{"index":"noindex","follow":"follow"},"og_locale":"pt_PT","og_type":"article","og_title":"Termos e condi\u00e7\u00f5es","og_description":"Descubra o nosso site, a sua plataforma de afiliados dedicada aos casinos online. Condi\u00e7\u00f5es simples e apoio profissional!","og_url":"https:\/\/thebillionairespin.org\/pt-pt\/termos-e-condicoes\/","og_site_name":"Billionairespin","article_modified_time":"2026-04-03T10:40:54+00:00","twitter_card":"summary_large_image","twitter_misc":{"Est. reading time":"3 minutes"},"schema":{"@context":"https:\/\/schema.org","@graph":[{"@type":"WebPage","@id":"https:\/\/thebillionairespin.org\/pt-pt\/termos-e-condicoes\/","url":"https:\/\/thebillionairespin.org\/pt-pt\/termos-e-condicoes\/","name":"Termos e condi\u00e7\u00f5es","isPartOf":{"@id":"https:\/\/thebillionairespin.org\/pt-pt\/#website"},"datePublished":"2024-12-10T14:23:20+00:00","dateModified":"2026-04-03T10:40:54+00:00","description":"Descubra o nosso site, a sua plataforma de afiliados dedicada aos casinos online. Condi\u00e7\u00f5es simples e apoio profissional!","breadcrumb":{"@id":"https:\/\/thebillionairespin.org\/pt-pt\/termos-e-condicoes\/#breadcrumb"},"inLanguage":"pt-PT","potentialAction":[{"@type":"ReadAction","target":["https:\/\/thebillionairespin.org\/pt-pt\/termos-e-condicoes\/"]}]},{"@type":"BreadcrumbList","@id":"https:\/\/thebillionairespin.org\/pt-pt\/termos-e-condicoes\/#breadcrumb","itemListElement":[{"@type":"ListItem","position":1,"name":"Billionairespin","item":"https:\/\/thebillionairespin.org\/pt-pt\/"},{"@type":"ListItem","position":2,"name":"Termos e condi\u00e7\u00f5es"}]},{"@type":"WebSite","@id":"https:\/\/thebillionairespin.org\/pt-pt\/#website","url":"https:\/\/thebillionairespin.org\/pt-pt\/","name":"Billionairespin","description":"","publisher":{"@id":"https:\/\/thebillionairespin.org\/pt-pt\/#organization"},"potentialAction":[{"@type":"SearchAction","target":{"@type":"EntryPoint","urlTemplate":"https:\/\/thebillionairespin.org\/pt-pt\/?s={search_term_string}"},"query-input":{"@type":"PropertyValueSpecification","valueRequired":true,"valueName":"search_term_string"}}],"inLanguage":"pt-PT"},{"@type":"Organization","@id":"https:\/\/thebillionairespin.org\/pt-pt\/#organization","name":"Billionairespin","url":"https:\/\/thebillionairespin.org\/pt-pt\/","logo":{"@type":"ImageObject","inLanguage":"pt-PT","@id":"https:\/\/thebillionairespin.org\/pt-pt\/#\/schema\/logo\/image\/","url":"https:\/\/thebillionairespin.org\/wp-content\/uploads\/2025\/03\/B2Gn2x7AGDezQSaRHeDu.svg","contentUrl":"https:\/\/thebillionairespin.org\/wp-content\/uploads\/2025\/03\/B2Gn2x7AGDezQSaRHeDu.svg","width":86,"height":36,"caption":"Billionairespin"},"image":{"@id":"https:\/\/thebillionairespin.org\/pt-pt\/#\/schema\/logo\/image\/"}}]}},"_links":{"self":[{"href":"https:\/\/thebillionairespin.org\/pt-pt\/wp-json\/wp\/v2\/pages\/1510"}],"collection":[{"href":"https:\/\/thebillionairespin.org\/pt-pt\/wp-json\/wp\/v2\/pages"}],"about":[{"href":"https:\/\/thebillionairespin.org\/pt-pt\/wp-json\/wp\/v2\/types\/page"}],"author":[{"embeddable":true,"href":"https:\/\/thebillionairespin.org\/pt-pt\/wp-json\/wp\/v2\/users\/1"}],"replies":[{"embeddable":true,"href":"https:\/\/thebillionairespin.org\/pt-pt\/wp-json\/wp\/v2\/comments?post=1510"}],"version-history":[{"count":2,"href":"https:\/\/thebillionairespin.org\/pt-pt\/wp-json\/wp\/v2\/pages\/1510\/revisions"}],"predecessor-version":[{"id":1848,"href":"https:\/\/thebillionairespin.org\/pt-pt\/wp-json\/wp\/v2\/pages\/1510\/revisions\/1848"}],"wp:attachment":[{"href":"https:\/\/thebillionairespin.org\/pt-pt\/wp-json\/wp\/v2\/media?parent=1510"}],"curies":[{"name":"wp","href":"https:\/\/api.w.org\/{rel}","templated":true}]}}